{"id":1446,"date":"2021-11-21T19:29:46","date_gmt":"2021-11-21T16:29:46","guid":{"rendered":"https:\/\/www.ghiadent.com\/gulus-tasarimi\/"},"modified":"2023-02-28T22:21:48","modified_gmt":"2023-02-28T19:21:48","slug":"lachelndes-design","status":"publish","type":"page","link":"https:\/\/www.ghiadent.com\/de\/lachelndes-design\/","title":{"rendered":"L\u00e4chelndes Design"},"content":{"rendered":"\t\t<div data-elementor-type=\"wp-page\" data-elementor-id=\"1446\" class=\"elementor elementor-1446\">\n\t\t\t\t\t\t\t\t\t<section class=\"elementor-section elementor-top-section elementor-element elementor-element-4cd306e0 elementor-section-full_width elementor-section-height-default elementor-section-height-default parallax_section_no qode_elementor_container_no\" data-id=\"4cd306e0\" data-element_type=\"section\">\n\t\t\t\t\t\t<div class=\"elementor-container elementor-column-gap-default\">\n\t\t\t\t\t<div class=\"elementor-column elementor-col-50 elementor-top-column elementor-element elementor-element-4eac7714\" data-id=\"4eac7714\" data-element_type=\"column\">\n\t\t\t<div class=\"elementor-widget-wrap elementor-element-populated\">\n\t\t\t\t\t\t\t\t<div class=\"elementor-element elementor-element-6e4f1bec elementor-widget elementor-widget-image\" data-id=\"6e4f1bec\" data-element_type=\"widget\" data-widget_type=\"image.default\">\n\t\t\t\t<div class=\"elementor-widget-container\">\n\t\t\t<style>\/*! elementor - v3.11.2 - 22-02-2023 *\/\n.elementor-widget-image{text-align:center}.elementor-widget-image a{display:inline-block}.elementor-widget-image a img[src$=\".svg\"]{width:48px}.elementor-widget-image img{vertical-align:middle;display:inline-block}<\/style>\t\t\t\t\t\t\t\t\t\t\t\t<img loading=\"lazy\" decoding=\"async\" width=\"1920\" height=\"1280\" src=\"https:\/\/www.ghiadent.com\/wp-content\/uploads\/2021\/12\/9.-gulus-tasarimi.jpg\" class=\"attachment-full size-full wp-image-987\" alt=\"\" srcset=\"https:\/\/www.ghiadent.com\/wp-content\/uploads\/2021\/12\/9.-gulus-tasarimi.jpg 1920w, https:\/\/www.ghiadent.com\/wp-content\/uploads\/2021\/12\/9.-gulus-tasarimi-300x200.jpg 300w, https:\/\/www.ghiadent.com\/wp-content\/uploads\/2021\/12\/9.-gulus-tasarimi-1024x683.jpg 1024w, https:\/\/www.ghiadent.com\/wp-content\/uploads\/2021\/12\/9.-gulus-tasarimi-768x512.jpg 768w, https:\/\/www.ghiadent.com\/wp-content\/uploads\/2021\/12\/9.-gulus-tasarimi-1536x1024.jpg 1536w, https:\/\/www.ghiadent.com\/wp-content\/uploads\/2021\/12\/9.-gulus-tasarimi-700x467.jpg 700w\" sizes=\"auto, (max-width: 1920px) 100vw, 1920px\" \/>\t\t\t\t\t\t\t\t\t\t\t\t\t\t\t<\/div>\n\t\t\t\t<\/div>\n\t\t\t\t\t<\/div>\n\t\t<\/div>\n\t\t\t\t<div class=\"elementor-column elementor-col-50 elementor-top-column elementor-element elementor-element-4c9533e2\" data-id=\"4c9533e2\" data-element_type=\"column\" data-settings=\"{&quot;background_background&quot;:&quot;classic&quot;}\">\n\t\t\t<div class=\"elementor-widget-wrap elementor-element-populated\">\n\t\t\t\t\t\t\t\t<div class=\"elementor-element elementor-element-45cf578b ---hidden elementor-widget elementor-widget-heading\" data-id=\"45cf578b\" data-element_type=\"widget\" data-widget_type=\"heading.default\">\n\t\t\t\t<div class=\"elementor-widget-container\">\n\t\t\t<style>\/*! elementor - v3.11.2 - 22-02-2023 *\/\n.elementor-heading-title{padding:0;margin:0;line-height:1}.elementor-widget-heading .elementor-heading-title[class*=elementor-size-]>a{color:inherit;font-size:inherit;line-height:inherit}.elementor-widget-heading .elementor-heading-title.elementor-size-small{font-size:15px}.elementor-widget-heading .elementor-heading-title.elementor-size-medium{font-size:19px}.elementor-widget-heading .elementor-heading-title.elementor-size-large{font-size:29px}.elementor-widget-heading .elementor-heading-title.elementor-size-xl{font-size:39px}.elementor-widget-heading .elementor-heading-title.elementor-size-xxl{font-size:59px}<\/style><h4 class=\"elementor-heading-title elementor-size-default\">Veeners & implants<\/h4>\t\t<\/div>\n\t\t\t\t<\/div>\n\t\t\t\t<div class=\"elementor-element elementor-element-4c3a7c05 elementor-widget elementor-widget-spacer\" data-id=\"4c3a7c05\" data-element_type=\"widget\" data-widget_type=\"spacer.default\">\n\t\t\t\t<div class=\"elementor-widget-container\">\n\t\t\t<style>\/*! elementor - v3.11.2 - 22-02-2023 *\/\n.elementor-column .elementor-spacer-inner{height:var(--spacer-size)}.e-con{--container-widget-width:100%}.e-con-inner>.elementor-widget-spacer,.e-con>.elementor-widget-spacer{width:var(--container-widget-width,var(--spacer-size));--align-self:var(--container-widget-align-self,initial);--flex-shrink:0}.e-con-inner>.elementor-widget-spacer>.elementor-widget-container,.e-con-inner>.elementor-widget-spacer>.elementor-widget-container>.elementor-spacer,.e-con>.elementor-widget-spacer>.elementor-widget-container,.e-con>.elementor-widget-spacer>.elementor-widget-container>.elementor-spacer{height:100%}.e-con-inner>.elementor-widget-spacer>.elementor-widget-container>.elementor-spacer>.elementor-spacer-inner,.e-con>.elementor-widget-spacer>.elementor-widget-container>.elementor-spacer>.elementor-spacer-inner{height:var(--container-widget-height,var(--spacer-size))}<\/style>\t\t<div class=\"elementor-spacer\">\n\t\t\t<div class=\"elementor-spacer-inner\"><\/div>\n\t\t<\/div>\n\t\t\t\t<\/div>\n\t\t\t\t<\/div>\n\t\t\t\t<div class=\"elementor-element elementor-element-483cd2cb elementor-widget elementor-widget-text-editor\" data-id=\"483cd2cb\" data-element_type=\"widget\" data-widget_type=\"text-editor.default\">\n\t\t\t\t<div class=\"elementor-widget-container\">\n\t\t\t<style>\/*! elementor - v3.11.2 - 22-02-2023 *\/\n.elementor-widget-text-editor.elementor-drop-cap-view-stacked .elementor-drop-cap{background-color:#818a91;color:#fff}.elementor-widget-text-editor.elementor-drop-cap-view-framed .elementor-drop-cap{color:#818a91;border:3px solid;background-color:transparent}.elementor-widget-text-editor:not(.elementor-drop-cap-view-default) .elementor-drop-cap{margin-top:8px}.elementor-widget-text-editor:not(.elementor-drop-cap-view-default) .elementor-drop-cap-letter{width:1em;height:1em}.elementor-widget-text-editor .elementor-drop-cap{float:left;text-align:center;line-height:1;font-size:50px}.elementor-widget-text-editor .elementor-drop-cap-letter{display:inline-block}<\/style>\t\t\t\t<p>Ein ebenso \u00e4sthetisches wie gesundes L\u00e4cheln tr\u00e4gt aktiv dazu bei, Emotionen auszudr\u00fccken und die Person als selbstbewusste und kommunikative Person wahrzunehmen. Es steigert Ihren Erfolg sowohl im Auftritt als auch in der Kommunikation. Smile Design soll Ihnen durch die gemeinsame Anwendung von Medizin und Kunst ein sch\u00f6nes L\u00e4cheln schenken. Bei dieser Behandlung erstellt der Zahnarzt einen L\u00e4chelnplan unter Ber\u00fccksichtigung Ihrer pers\u00f6nlichen W\u00fcnsche, Gesundheit und Nat\u00fcrlichkeit. Sie bestimmt, was f\u00fcr ein sch\u00f6nes L\u00e4cheln getan werden muss.<\/p><p>\u00a0<\/p><p>Die h\u00e4ufigsten \u00e4sthetischen Probleme sind, dass die Person mit ihrem L\u00e4cheln nicht zufrieden ist, versucht, beim L\u00e4cheln den Mund zu schlie\u00dfen, und sich mit der Form und Farbe ihrer Z\u00e4hne unwohl f\u00fchlt. Zuallererst sind f\u00fcr ein sch\u00f6nes L\u00e4cheln Z\u00e4hne notwendig, die mit der Gesichtsform und der Lippenstruktur kompatibel sind. Mit der Entwicklung \u00e4sthetischer Materialien in der Zahnheilkunde k\u00f6nnen viele Form-, Farb- und Lagest\u00f6rungen behoben werden. Bei dieser Behandlung ist es unser Ziel, einheitliche Anwendungen zu vermeiden und ein sch\u00f6nes L\u00e4cheln zu bieten, das mit ihrer Erwartung und Gesichtsform kompatibel ist und vor allem eine gesunde Funktion bietet.<\/p>\t\t\t\t\t\t<\/div>\n\t\t\t\t<\/div>\n\t\t\t\t<div class=\"elementor-element elementor-element-66ab0bbe ---hidden elementor-widget elementor-widget-bridge_button\" data-id=\"66ab0bbe\" data-element_type=\"widget\" data-widget_type=\"bridge_button.default\">\n\t\t\t\t<div class=\"elementor-widget-container\">\n\t\t\t<a  itemprop=\"url\" href=\"\" target=\"_self\"  class=\"qbutton  default\" style=\"\">read more<\/a>\t\t<\/div>\n\t\t\t\t<\/div>\n\t\t\t\t\t<\/div>\n\t\t<\/div>\n\t\t\t\t\t\t\t<\/div>\n\t\t<\/section>\n\t\t\t\t\t\t\t<\/div>\n\t\t","protected":false},"excerpt":{"rendered":"<p>Veeners &#038; implants Ein ebenso \u00e4sthetisches wie gesundes L\u00e4cheln tr\u00e4gt aktiv dazu bei, Emotionen auszudr\u00fccken und die Person als selbstbewusste und kommunikative Person wahrzunehmen. Es steigert Ihren Erfolg sowohl im Auftritt als auch in der Kommunikation. Smile Design soll Ihnen durch die gemeinsame Anwendung von&#8230;<\/p>\n","protected":false},"author":1,"featured_media":0,"parent":0,"menu_order":0,"comment_status":"closed","ping_status":"closed","template":"","meta":{"footnotes":""},"class_list":["post-1446","page","type-page","status-publish","hentry"],"_links":{"self":[{"href":"https:\/\/www.ghiadent.com\/de\/wp-json\/wp\/v2\/pages\/1446","targetHints":{"allow":["GET"]}}],"collection":[{"href":"https:\/\/www.ghiadent.com\/de\/wp-json\/wp\/v2\/pages"}],"about":[{"href":"https:\/\/www.ghiadent.com\/de\/wp-json\/wp\/v2\/types\/page"}],"author":[{"embeddable":true,"href":"https:\/\/www.ghiadent.com\/de\/wp-json\/wp\/v2\/users\/1"}],"replies":[{"embeddable":true,"href":"https:\/\/www.ghiadent.com\/de\/wp-json\/wp\/v2\/comments?post=1446"}],"version-history":[{"count":4,"href":"https:\/\/www.ghiadent.com\/de\/wp-json\/wp\/v2\/pages\/1446\/revisions"}],"predecessor-version":[{"id":1450,"href":"https:\/\/www.ghiadent.com\/de\/wp-json\/wp\/v2\/pages\/1446\/revisions\/1450"}],"wp:attachment":[{"href":"https:\/\/www.ghiadent.com\/de\/wp-json\/wp\/v2\/media?parent=1446"}],"curies":[{"name":"wp","href":"https:\/\/api.w.org\/{rel}","templated":true}]}}