{"id":1419,"date":"2021-11-21T19:12:55","date_gmt":"2021-11-21T16:12:55","guid":{"rendered":"https:\/\/www.ghiadent.com\/porselen-laminalar-yaprak-porselenler\/"},"modified":"2023-02-28T22:06:25","modified_gmt":"2023-02-28T19:06:25","slug":"porzellan-laminas-blatt-porzellan","status":"publish","type":"page","link":"https:\/\/www.ghiadent.com\/de\/porzellan-laminas-blatt-porzellan\/","title":{"rendered":"Porzellan Laminas (Blatt Porzellan)"},"content":{"rendered":"\t\t<div data-elementor-type=\"wp-page\" data-elementor-id=\"1419\" class=\"elementor elementor-1419\">\n\t\t\t\t\t\t\t\t\t<section class=\"elementor-section elementor-top-section elementor-element elementor-element-1ceb9d84 elementor-section-full_width elementor-section-height-default elementor-section-height-default parallax_section_no qode_elementor_container_no\" data-id=\"1ceb9d84\" data-element_type=\"section\">\n\t\t\t\t\t\t<div class=\"elementor-container elementor-column-gap-default\">\n\t\t\t\t\t<div class=\"elementor-column elementor-col-50 elementor-top-column elementor-element elementor-element-1f6c4607\" data-id=\"1f6c4607\" data-element_type=\"column\">\n\t\t\t<div class=\"elementor-widget-wrap elementor-element-populated\">\n\t\t\t\t\t\t\t\t<div class=\"elementor-element elementor-element-27af7bcf elementor-widget elementor-widget-image\" data-id=\"27af7bcf\" data-element_type=\"widget\" data-widget_type=\"image.default\">\n\t\t\t\t<div class=\"elementor-widget-container\">\n\t\t\t<style>\/*! elementor - v3.11.2 - 22-02-2023 *\/\n.elementor-widget-image{text-align:center}.elementor-widget-image a{display:inline-block}.elementor-widget-image a img[src$=\".svg\"]{width:48px}.elementor-widget-image img{vertical-align:middle;display:inline-block}<\/style>\t\t\t\t\t\t\t\t\t\t\t\t<img loading=\"lazy\" decoding=\"async\" width=\"1920\" height=\"1280\" src=\"https:\/\/www.ghiadent.com\/wp-content\/uploads\/2021\/12\/6.-lamine-porselen.jpg\" class=\"attachment-full size-full wp-image-978\" alt=\"\" srcset=\"https:\/\/www.ghiadent.com\/wp-content\/uploads\/2021\/12\/6.-lamine-porselen.jpg 1920w, https:\/\/www.ghiadent.com\/wp-content\/uploads\/2021\/12\/6.-lamine-porselen-300x200.jpg 300w, https:\/\/www.ghiadent.com\/wp-content\/uploads\/2021\/12\/6.-lamine-porselen-1024x683.jpg 1024w, https:\/\/www.ghiadent.com\/wp-content\/uploads\/2021\/12\/6.-lamine-porselen-768x512.jpg 768w, https:\/\/www.ghiadent.com\/wp-content\/uploads\/2021\/12\/6.-lamine-porselen-1536x1024.jpg 1536w, https:\/\/www.ghiadent.com\/wp-content\/uploads\/2021\/12\/6.-lamine-porselen-700x467.jpg 700w\" sizes=\"auto, (max-width: 1920px) 100vw, 1920px\" \/>\t\t\t\t\t\t\t\t\t\t\t\t\t\t\t<\/div>\n\t\t\t\t<\/div>\n\t\t\t\t\t<\/div>\n\t\t<\/div>\n\t\t\t\t<div class=\"elementor-column elementor-col-50 elementor-top-column elementor-element elementor-element-7ba3a5e7\" data-id=\"7ba3a5e7\" data-element_type=\"column\" data-settings=\"{&quot;background_background&quot;:&quot;classic&quot;}\">\n\t\t\t<div class=\"elementor-widget-wrap elementor-element-populated\">\n\t\t\t\t\t\t\t\t<div class=\"elementor-element elementor-element-7da48a19 ---hidden elementor-widget elementor-widget-heading\" data-id=\"7da48a19\" data-element_type=\"widget\" data-widget_type=\"heading.default\">\n\t\t\t\t<div class=\"elementor-widget-container\">\n\t\t\t<style>\/*! elementor - v3.11.2 - 22-02-2023 *\/\n.elementor-heading-title{padding:0;margin:0;line-height:1}.elementor-widget-heading .elementor-heading-title[class*=elementor-size-]>a{color:inherit;font-size:inherit;line-height:inherit}.elementor-widget-heading .elementor-heading-title.elementor-size-small{font-size:15px}.elementor-widget-heading .elementor-heading-title.elementor-size-medium{font-size:19px}.elementor-widget-heading .elementor-heading-title.elementor-size-large{font-size:29px}.elementor-widget-heading .elementor-heading-title.elementor-size-xl{font-size:39px}.elementor-widget-heading .elementor-heading-title.elementor-size-xxl{font-size:59px}<\/style><h4 class=\"elementor-heading-title elementor-size-default\">Veeners & implants<\/h4>\t\t<\/div>\n\t\t\t\t<\/div>\n\t\t\t\t<div class=\"elementor-element elementor-element-72adc465 elementor-widget elementor-widget-spacer\" data-id=\"72adc465\" data-element_type=\"widget\" data-widget_type=\"spacer.default\">\n\t\t\t\t<div class=\"elementor-widget-container\">\n\t\t\t<style>\/*! elementor - v3.11.2 - 22-02-2023 *\/\n.elementor-column .elementor-spacer-inner{height:var(--spacer-size)}.e-con{--container-widget-width:100%}.e-con-inner>.elementor-widget-spacer,.e-con>.elementor-widget-spacer{width:var(--container-widget-width,var(--spacer-size));--align-self:var(--container-widget-align-self,initial);--flex-shrink:0}.e-con-inner>.elementor-widget-spacer>.elementor-widget-container,.e-con-inner>.elementor-widget-spacer>.elementor-widget-container>.elementor-spacer,.e-con>.elementor-widget-spacer>.elementor-widget-container,.e-con>.elementor-widget-spacer>.elementor-widget-container>.elementor-spacer{height:100%}.e-con-inner>.elementor-widget-spacer>.elementor-widget-container>.elementor-spacer>.elementor-spacer-inner,.e-con>.elementor-widget-spacer>.elementor-widget-container>.elementor-spacer>.elementor-spacer-inner{height:var(--container-widget-height,var(--spacer-size))}<\/style>\t\t<div class=\"elementor-spacer\">\n\t\t\t<div class=\"elementor-spacer-inner\"><\/div>\n\t\t<\/div>\n\t\t\t\t<\/div>\n\t\t\t\t<\/div>\n\t\t\t\t<div class=\"elementor-element elementor-element-135d2807 elementor-widget elementor-widget-text-editor\" data-id=\"135d2807\" data-element_type=\"widget\" data-widget_type=\"text-editor.default\">\n\t\t\t\t<div class=\"elementor-widget-container\">\n\t\t\t<style>\/*! elementor - v3.11.2 - 22-02-2023 *\/\n.elementor-widget-text-editor.elementor-drop-cap-view-stacked .elementor-drop-cap{background-color:#818a91;color:#fff}.elementor-widget-text-editor.elementor-drop-cap-view-framed .elementor-drop-cap{color:#818a91;border:3px solid;background-color:transparent}.elementor-widget-text-editor:not(.elementor-drop-cap-view-default) .elementor-drop-cap{margin-top:8px}.elementor-widget-text-editor:not(.elementor-drop-cap-view-default) .elementor-drop-cap-letter{width:1em;height:1em}.elementor-widget-text-editor .elementor-drop-cap{float:left;text-align:center;line-height:1;font-size:50px}.elementor-widget-text-editor .elementor-drop-cap-letter{display:inline-block}<\/style>\t\t\t\t<p>Vor der Anwendung dieses Verfahrens kann es in manchen F\u00e4llen m\u00f6glich sein, ohne jegliches Entfernen von Gewebe von der Zahnoberfl\u00e4che zu pr\u00e4parieren, aber in manchen F\u00e4llen kann es notwendig sein, eine minimale Abrasion von der Vorderfl\u00e4che der Z\u00e4hne durchzuf\u00fchren. Porzellanlaminate sind sehr d\u00fcnn gestaltet und haben die F\u00e4higkeit, Zahngewebe zu imitieren, sodass \u00e4sthetische Ergebnisse auf hohem Niveau erzielt werden k\u00f6nnen. Mit Porzellanlaminat-Restaurationen kann ein nat\u00fcrliches und imagin\u00e4res Ideall\u00e4cheln erreicht werden. Die pers\u00f6nliche Behandlungsmethode und die Anzahl der Restaurationen werden durch die vor der Behandlung durchgef\u00fchrten Analysen bestimmt.<\/p><p>\u00a0<\/p><p>Der gr\u00f6\u00dfte Vorteil von Porzellanlaminaten ist, dass es sich um eine gewebeschonende Behandlungsmethode handelt, da nur sehr wenig Abrieb von der Zahnoberfl\u00e4che ausgeht. Die Mundhygiene ist sehr einfach, da sie perfekt mit dem Zahnfleisch vertr\u00e4glich ist. Dank der am Mund angebrachten Schablone ist es m\u00f6glich, das ungef\u00e4hre Ergebnis der Behandlung vor Beginn der Behandlung zu sehen. Dank der \u00fcberlegenen Materialeigenschaften werden hoch\u00e4sthetische Ergebnisse erzielt, die von der nat\u00fcrlichen Optik nicht zu unterscheiden sind. Der Behandlungsablauf ist angenehm und schmerzlos. In der Nachbehandlungszeit treten lebensmittelbedingte Verf\u00e4rbungen wie Kaffee und Zigaretten dank der Eigenschaften des Keramikmaterials nicht auf.<\/p>\t\t\t\t\t\t<\/div>\n\t\t\t\t<\/div>\n\t\t\t\t<div class=\"elementor-element elementor-element-16b46bcb ---hidden elementor-widget elementor-widget-bridge_button\" data-id=\"16b46bcb\" data-element_type=\"widget\" data-widget_type=\"bridge_button.default\">\n\t\t\t\t<div class=\"elementor-widget-container\">\n\t\t\t<a  itemprop=\"url\" href=\"\" target=\"_self\"  class=\"qbutton  default\" style=\"\">read more<\/a>\t\t<\/div>\n\t\t\t\t<\/div>\n\t\t\t\t\t<\/div>\n\t\t<\/div>\n\t\t\t\t\t\t\t<\/div>\n\t\t<\/section>\n\t\t\t\t\t\t\t<\/div>\n\t\t","protected":false},"excerpt":{"rendered":"<p>Veeners &#038; implants Vor der Anwendung dieses Verfahrens kann es in manchen F\u00e4llen m\u00f6glich sein, ohne jegliches Entfernen von Gewebe von der Zahnoberfl\u00e4che zu pr\u00e4parieren, aber in manchen F\u00e4llen kann es notwendig sein, eine minimale Abrasion von der Vorderfl\u00e4che der Z\u00e4hne durchzuf\u00fchren. Porzellanlaminate sind sehr&#8230;<\/p>\n","protected":false},"author":1,"featured_media":0,"parent":0,"menu_order":0,"comment_status":"closed","ping_status":"closed","template":"","meta":{"footnotes":""},"class_list":["post-1419","page","type-page","status-publish","hentry"],"_links":{"self":[{"href":"https:\/\/www.ghiadent.com\/de\/wp-json\/wp\/v2\/pages\/1419","targetHints":{"allow":["GET"]}}],"collection":[{"href":"https:\/\/www.ghiadent.com\/de\/wp-json\/wp\/v2\/pages"}],"about":[{"href":"https:\/\/www.ghiadent.com\/de\/wp-json\/wp\/v2\/types\/page"}],"author":[{"embeddable":true,"href":"https:\/\/www.ghiadent.com\/de\/wp-json\/wp\/v2\/users\/1"}],"replies":[{"embeddable":true,"href":"https:\/\/www.ghiadent.com\/de\/wp-json\/wp\/v2\/comments?post=1419"}],"version-history":[{"count":4,"href":"https:\/\/www.ghiadent.com\/de\/wp-json\/wp\/v2\/pages\/1419\/revisions"}],"predecessor-version":[{"id":1427,"href":"https:\/\/www.ghiadent.com\/de\/wp-json\/wp\/v2\/pages\/1419\/revisions\/1427"}],"wp:attachment":[{"href":"https:\/\/www.ghiadent.com\/de\/wp-json\/wp\/v2\/media?parent=1419"}],"curies":[{"name":"wp","href":"https:\/\/api.w.org\/{rel}","templated":true}]}}