{"id":1414,"date":"2021-11-21T19:11:00","date_gmt":"2021-11-21T16:11:00","guid":{"rendered":"https:\/\/www.ghiadent.com\/ortodonti\/"},"modified":"2023-02-28T22:02:12","modified_gmt":"2023-02-28T19:02:12","slug":"kieferorthopadie","status":"publish","type":"page","link":"https:\/\/www.ghiadent.com\/de\/kieferorthopadie\/","title":{"rendered":"Kieferorthop\u00e4die"},"content":{"rendered":"\t\t<div data-elementor-type=\"wp-page\" data-elementor-id=\"1414\" class=\"elementor elementor-1414\">\n\t\t\t\t\t\t\t\t\t<section class=\"elementor-section elementor-top-section elementor-element elementor-element-7e9a7a0f elementor-section-full_width elementor-section-height-default elementor-section-height-default parallax_section_no qode_elementor_container_no\" data-id=\"7e9a7a0f\" data-element_type=\"section\">\n\t\t\t\t\t\t<div class=\"elementor-container elementor-column-gap-default\">\n\t\t\t\t\t<div class=\"elementor-column elementor-col-50 elementor-top-column elementor-element elementor-element-20d44356\" data-id=\"20d44356\" data-element_type=\"column\">\n\t\t\t<div class=\"elementor-widget-wrap elementor-element-populated\">\n\t\t\t\t\t\t\t\t<div class=\"elementor-element elementor-element-7162cfbe elementor-widget elementor-widget-image\" data-id=\"7162cfbe\" data-element_type=\"widget\" data-widget_type=\"image.default\">\n\t\t\t\t<div class=\"elementor-widget-container\">\n\t\t\t<style>\/*! elementor - v3.11.2 - 22-02-2023 *\/\n.elementor-widget-image{text-align:center}.elementor-widget-image a{display:inline-block}.elementor-widget-image a img[src$=\".svg\"]{width:48px}.elementor-widget-image img{vertical-align:middle;display:inline-block}<\/style>\t\t\t\t\t\t\t\t\t\t\t\t<img loading=\"lazy\" decoding=\"async\" width=\"1920\" height=\"1280\" src=\"https:\/\/www.ghiadent.com\/wp-content\/uploads\/2021\/12\/1.-ortodonti.jpg\" class=\"attachment-full size-full wp-image-975\" alt=\"\" srcset=\"https:\/\/www.ghiadent.com\/wp-content\/uploads\/2021\/12\/1.-ortodonti.jpg 1920w, https:\/\/www.ghiadent.com\/wp-content\/uploads\/2021\/12\/1.-ortodonti-300x200.jpg 300w, https:\/\/www.ghiadent.com\/wp-content\/uploads\/2021\/12\/1.-ortodonti-1024x683.jpg 1024w, https:\/\/www.ghiadent.com\/wp-content\/uploads\/2021\/12\/1.-ortodonti-768x512.jpg 768w, https:\/\/www.ghiadent.com\/wp-content\/uploads\/2021\/12\/1.-ortodonti-1536x1024.jpg 1536w, https:\/\/www.ghiadent.com\/wp-content\/uploads\/2021\/12\/1.-ortodonti-700x467.jpg 700w\" sizes=\"auto, (max-width: 1920px) 100vw, 1920px\" \/>\t\t\t\t\t\t\t\t\t\t\t\t\t\t\t<\/div>\n\t\t\t\t<\/div>\n\t\t\t\t\t<\/div>\n\t\t<\/div>\n\t\t\t\t<div class=\"elementor-column elementor-col-50 elementor-top-column elementor-element elementor-element-7160dd6d\" data-id=\"7160dd6d\" data-element_type=\"column\" data-settings=\"{&quot;background_background&quot;:&quot;classic&quot;}\">\n\t\t\t<div class=\"elementor-widget-wrap elementor-element-populated\">\n\t\t\t\t\t\t\t\t<div class=\"elementor-element elementor-element-17f97324 ---hidden elementor-widget elementor-widget-heading\" data-id=\"17f97324\" data-element_type=\"widget\" data-widget_type=\"heading.default\">\n\t\t\t\t<div class=\"elementor-widget-container\">\n\t\t\t<style>\/*! elementor - v3.11.2 - 22-02-2023 *\/\n.elementor-heading-title{padding:0;margin:0;line-height:1}.elementor-widget-heading .elementor-heading-title[class*=elementor-size-]>a{color:inherit;font-size:inherit;line-height:inherit}.elementor-widget-heading .elementor-heading-title.elementor-size-small{font-size:15px}.elementor-widget-heading .elementor-heading-title.elementor-size-medium{font-size:19px}.elementor-widget-heading .elementor-heading-title.elementor-size-large{font-size:29px}.elementor-widget-heading .elementor-heading-title.elementor-size-xl{font-size:39px}.elementor-widget-heading .elementor-heading-title.elementor-size-xxl{font-size:59px}<\/style><h4 class=\"elementor-heading-title elementor-size-default\">Veeners & implants<\/h4>\t\t<\/div>\n\t\t\t\t<\/div>\n\t\t\t\t<div class=\"elementor-element elementor-element-1d0461d elementor-widget elementor-widget-spacer\" data-id=\"1d0461d\" data-element_type=\"widget\" data-widget_type=\"spacer.default\">\n\t\t\t\t<div class=\"elementor-widget-container\">\n\t\t\t<style>\/*! elementor - v3.11.2 - 22-02-2023 *\/\n.elementor-column .elementor-spacer-inner{height:var(--spacer-size)}.e-con{--container-widget-width:100%}.e-con-inner>.elementor-widget-spacer,.e-con>.elementor-widget-spacer{width:var(--container-widget-width,var(--spacer-size));--align-self:var(--container-widget-align-self,initial);--flex-shrink:0}.e-con-inner>.elementor-widget-spacer>.elementor-widget-container,.e-con-inner>.elementor-widget-spacer>.elementor-widget-container>.elementor-spacer,.e-con>.elementor-widget-spacer>.elementor-widget-container,.e-con>.elementor-widget-spacer>.elementor-widget-container>.elementor-spacer{height:100%}.e-con-inner>.elementor-widget-spacer>.elementor-widget-container>.elementor-spacer>.elementor-spacer-inner,.e-con>.elementor-widget-spacer>.elementor-widget-container>.elementor-spacer>.elementor-spacer-inner{height:var(--container-widget-height,var(--spacer-size))}<\/style>\t\t<div class=\"elementor-spacer\">\n\t\t\t<div class=\"elementor-spacer-inner\"><\/div>\n\t\t<\/div>\n\t\t\t\t<\/div>\n\t\t\t\t<\/div>\n\t\t\t\t<div class=\"elementor-element elementor-element-48500da0 elementor-widget elementor-widget-text-editor\" data-id=\"48500da0\" data-element_type=\"widget\" data-widget_type=\"text-editor.default\">\n\t\t\t\t<div class=\"elementor-widget-container\">\n\t\t\t<style>\/*! elementor - v3.11.2 - 22-02-2023 *\/\n.elementor-widget-text-editor.elementor-drop-cap-view-stacked .elementor-drop-cap{background-color:#818a91;color:#fff}.elementor-widget-text-editor.elementor-drop-cap-view-framed .elementor-drop-cap{color:#818a91;border:3px solid;background-color:transparent}.elementor-widget-text-editor:not(.elementor-drop-cap-view-default) .elementor-drop-cap{margin-top:8px}.elementor-widget-text-editor:not(.elementor-drop-cap-view-default) .elementor-drop-cap-letter{width:1em;height:1em}.elementor-widget-text-editor .elementor-drop-cap{float:left;text-align:center;line-height:1;font-size:50px}.elementor-widget-text-editor .elementor-drop-cap-letter{display:inline-block}<\/style>\t\t\t\t<p>Kieferorthop\u00e4die; Es ist die Abteilung f\u00fcr Zahnmedizin, die Zahnstellungen und Gesichtsasymmetrien diagnostiziert, Ma\u00dfnahmen zu ihrer Vorbeugung ergreift und sie behandelt. Kieferorthop\u00e4dische Probleme k\u00f6nnen genetische oder erworbene (Fingerlutschen, fr\u00fchzeitiger Zahnverlust etc.) Gr\u00fcnde haben und m\u00fcssen von Kieferorthop\u00e4den behandelt werden.<\/p><p>\u00a0<\/p><p>Zur Fr\u00fcherkennung kieferorthop\u00e4discher Probleme wird der erste Besuch beim Kieferorthop\u00e4den im Alter von 7 Jahren empfohlen. Somit wird eine Skelettdeformit\u00e4t mit der Verwendung einer einfachen Vorrichtung verhindert. Werden ungewollte Angewohnheiten schon fr\u00fch bemerkt, k\u00f6nnen sie mit Hilfe von Gew\u00f6hnungshilfen verhindert werden.<\/p><p>\u00a0<\/p><p>Bei Erkrankungen des Kiefers (z. B. vorderer oder hinterer Unterkiefer). Die Behandlungsmethode wird nach dem Alter des Patienten entschieden. Wenn der Patient im Jugendalter ist und ein Problem im Ober- oder Unterkiefer hat, kann es mit kieferorthop\u00e4dischen Methoden behandelt werden. Bei erwachsenen Patienten werden schwere Skeletterkrankungen in kieferorthop\u00e4disch-chirurgischer Kooperation behandelt.<\/p>\t\t\t\t\t\t<\/div>\n\t\t\t\t<\/div>\n\t\t\t\t<div class=\"elementor-element elementor-element-d12699b ---hidden elementor-widget elementor-widget-bridge_button\" data-id=\"d12699b\" data-element_type=\"widget\" data-widget_type=\"bridge_button.default\">\n\t\t\t\t<div class=\"elementor-widget-container\">\n\t\t\t<a  itemprop=\"url\" href=\"\" target=\"_self\"  class=\"qbutton  default\" style=\"\">read more<\/a>\t\t<\/div>\n\t\t\t\t<\/div>\n\t\t\t\t\t<\/div>\n\t\t<\/div>\n\t\t\t\t\t\t\t<\/div>\n\t\t<\/section>\n\t\t\t\t\t\t\t<\/div>\n\t\t","protected":false},"excerpt":{"rendered":"<p>Veeners &#038; implants Kieferorthop\u00e4die; Es ist die Abteilung f\u00fcr Zahnmedizin, die Zahnstellungen und Gesichtsasymmetrien diagnostiziert, Ma\u00dfnahmen zu ihrer Vorbeugung ergreift und sie behandelt. Kieferorthop\u00e4dische Probleme k\u00f6nnen genetische oder erworbene (Fingerlutschen, fr\u00fchzeitiger Zahnverlust etc.) Gr\u00fcnde haben und m\u00fcssen von Kieferorthop\u00e4den behandelt werden. \u00a0 Zur Fr\u00fcherkennung kieferorthop\u00e4discher&#8230;<\/p>\n","protected":false},"author":1,"featured_media":0,"parent":0,"menu_order":0,"comment_status":"closed","ping_status":"closed","template":"","meta":{"footnotes":""},"class_list":["post-1414","page","type-page","status-publish","hentry"],"_links":{"self":[{"href":"https:\/\/www.ghiadent.com\/de\/wp-json\/wp\/v2\/pages\/1414","targetHints":{"allow":["GET"]}}],"collection":[{"href":"https:\/\/www.ghiadent.com\/de\/wp-json\/wp\/v2\/pages"}],"about":[{"href":"https:\/\/www.ghiadent.com\/de\/wp-json\/wp\/v2\/types\/page"}],"author":[{"embeddable":true,"href":"https:\/\/www.ghiadent.com\/de\/wp-json\/wp\/v2\/users\/1"}],"replies":[{"embeddable":true,"href":"https:\/\/www.ghiadent.com\/de\/wp-json\/wp\/v2\/comments?post=1414"}],"version-history":[{"count":4,"href":"https:\/\/www.ghiadent.com\/de\/wp-json\/wp\/v2\/pages\/1414\/revisions"}],"predecessor-version":[{"id":1418,"href":"https:\/\/www.ghiadent.com\/de\/wp-json\/wp\/v2\/pages\/1414\/revisions\/1418"}],"wp:attachment":[{"href":"https:\/\/www.ghiadent.com\/de\/wp-json\/wp\/v2\/media?parent=1414"}],"curies":[{"name":"wp","href":"https:\/\/api.w.org\/{rel}","templated":true}]}}