{"id":1355,"date":"2021-12-19T11:22:55","date_gmt":"2021-12-19T08:22:55","guid":{"rendered":"https:\/\/www.ghiadent.com\/dr-dt-gonca-yilmaz\/"},"modified":"2023-02-28T20:10:28","modified_gmt":"2023-02-28T17:10:28","slug":"dr-dt-gonca-yilmaz","status":"publish","type":"page","link":"https:\/\/www.ghiadent.com\/de\/dr-dt-gonca-yilmaz\/","title":{"rendered":"Dr.Dt.Gonca YILMAZ"},"content":{"rendered":"\t\t<div data-elementor-type=\"wp-page\" data-elementor-id=\"1355\" class=\"elementor elementor-1355\">\n\t\t\t\t\t\t\t\t\t<section class=\"elementor-section elementor-top-section elementor-element elementor-element-aba0971 elementor-section-full_width elementor-section-height-default elementor-section-height-default parallax_section_no qode_elementor_container_no\" data-id=\"aba0971\" data-element_type=\"section\">\n\t\t\t\t\t\t<div class=\"elementor-container elementor-column-gap-default\">\n\t\t\t\t\t<div class=\"elementor-column elementor-col-50 elementor-top-column elementor-element elementor-element-ab19520\" data-id=\"ab19520\" data-element_type=\"column\">\n\t\t\t<div class=\"elementor-widget-wrap elementor-element-populated\">\n\t\t\t\t\t\t\t\t<div class=\"elementor-element elementor-element-9c6e873 elementor-widget elementor-widget-image\" data-id=\"9c6e873\" data-element_type=\"widget\" data-widget_type=\"image.default\">\n\t\t\t\t<div class=\"elementor-widget-container\">\n\t\t\t<style>\/*! elementor - v3.11.2 - 22-02-2023 *\/\n.elementor-widget-image{text-align:center}.elementor-widget-image a{display:inline-block}.elementor-widget-image a img[src$=\".svg\"]{width:48px}.elementor-widget-image img{vertical-align:middle;display:inline-block}<\/style>\t\t\t\t\t\t\t\t\t\t\t\t<img loading=\"lazy\" decoding=\"async\" width=\"2000\" height=\"1333\" src=\"https:\/\/www.ghiadent.com\/wp-content\/uploads\/2021\/12\/DSC07369.jpg\" class=\"attachment-full size-full wp-image-872\" alt=\"\" srcset=\"https:\/\/www.ghiadent.com\/wp-content\/uploads\/2021\/12\/DSC07369.jpg 2000w, https:\/\/www.ghiadent.com\/wp-content\/uploads\/2021\/12\/DSC07369-300x200.jpg 300w, https:\/\/www.ghiadent.com\/wp-content\/uploads\/2021\/12\/DSC07369-1024x682.jpg 1024w, https:\/\/www.ghiadent.com\/wp-content\/uploads\/2021\/12\/DSC07369-768x512.jpg 768w, https:\/\/www.ghiadent.com\/wp-content\/uploads\/2021\/12\/DSC07369-1536x1024.jpg 1536w, https:\/\/www.ghiadent.com\/wp-content\/uploads\/2021\/12\/DSC07369-700x467.jpg 700w\" sizes=\"auto, (max-width: 2000px) 100vw, 2000px\" \/>\t\t\t\t\t\t\t\t\t\t\t\t\t\t\t<\/div>\n\t\t\t\t<\/div>\n\t\t\t\t\t<\/div>\n\t\t<\/div>\n\t\t\t\t<div class=\"elementor-column elementor-col-50 elementor-top-column elementor-element elementor-element-2baf583\" data-id=\"2baf583\" data-element_type=\"column\" data-settings=\"{&quot;background_background&quot;:&quot;classic&quot;}\">\n\t\t\t<div class=\"elementor-widget-wrap elementor-element-populated\">\n\t\t\t\t\t\t\t\t<div class=\"elementor-element elementor-element-651181a ---hidden elementor-widget elementor-widget-heading\" data-id=\"651181a\" data-element_type=\"widget\" data-widget_type=\"heading.default\">\n\t\t\t\t<div class=\"elementor-widget-container\">\n\t\t\t<style>\/*! elementor - v3.11.2 - 22-02-2023 *\/\n.elementor-heading-title{padding:0;margin:0;line-height:1}.elementor-widget-heading .elementor-heading-title[class*=elementor-size-]>a{color:inherit;font-size:inherit;line-height:inherit}.elementor-widget-heading .elementor-heading-title.elementor-size-small{font-size:15px}.elementor-widget-heading .elementor-heading-title.elementor-size-medium{font-size:19px}.elementor-widget-heading .elementor-heading-title.elementor-size-large{font-size:29px}.elementor-widget-heading .elementor-heading-title.elementor-size-xl{font-size:39px}.elementor-widget-heading .elementor-heading-title.elementor-size-xxl{font-size:59px}<\/style><h4 class=\"elementor-heading-title elementor-size-default\">Veeners & implants<\/h4>\t\t<\/div>\n\t\t\t\t<\/div>\n\t\t\t\t<div class=\"elementor-element elementor-element-9309ebb elementor-widget elementor-widget-spacer\" data-id=\"9309ebb\" data-element_type=\"widget\" data-widget_type=\"spacer.default\">\n\t\t\t\t<div class=\"elementor-widget-container\">\n\t\t\t<style>\/*! elementor - v3.11.2 - 22-02-2023 *\/\n.elementor-column .elementor-spacer-inner{height:var(--spacer-size)}.e-con{--container-widget-width:100%}.e-con-inner>.elementor-widget-spacer,.e-con>.elementor-widget-spacer{width:var(--container-widget-width,var(--spacer-size));--align-self:var(--container-widget-align-self,initial);--flex-shrink:0}.e-con-inner>.elementor-widget-spacer>.elementor-widget-container,.e-con-inner>.elementor-widget-spacer>.elementor-widget-container>.elementor-spacer,.e-con>.elementor-widget-spacer>.elementor-widget-container,.e-con>.elementor-widget-spacer>.elementor-widget-container>.elementor-spacer{height:100%}.e-con-inner>.elementor-widget-spacer>.elementor-widget-container>.elementor-spacer>.elementor-spacer-inner,.e-con>.elementor-widget-spacer>.elementor-widget-container>.elementor-spacer>.elementor-spacer-inner{height:var(--container-widget-height,var(--spacer-size))}<\/style>\t\t<div class=\"elementor-spacer\">\n\t\t\t<div class=\"elementor-spacer-inner\"><\/div>\n\t\t<\/div>\n\t\t\t\t<\/div>\n\t\t\t\t<\/div>\n\t\t\t\t<div class=\"elementor-element elementor-element-015db1e elementor-widget elementor-widget-text-editor\" data-id=\"015db1e\" data-element_type=\"widget\" data-widget_type=\"text-editor.default\">\n\t\t\t\t<div class=\"elementor-widget-container\">\n\t\t\t<style>\/*! elementor - v3.11.2 - 22-02-2023 *\/\n.elementor-widget-text-editor.elementor-drop-cap-view-stacked .elementor-drop-cap{background-color:#818a91;color:#fff}.elementor-widget-text-editor.elementor-drop-cap-view-framed .elementor-drop-cap{color:#818a91;border:3px solid;background-color:transparent}.elementor-widget-text-editor:not(.elementor-drop-cap-view-default) .elementor-drop-cap{margin-top:8px}.elementor-widget-text-editor:not(.elementor-drop-cap-view-default) .elementor-drop-cap-letter{width:1em;height:1em}.elementor-widget-text-editor .elementor-drop-cap{float:left;text-align:center;line-height:1;font-size:50px}.elementor-widget-text-editor .elementor-drop-cap-letter{display:inline-block}<\/style>\t\t\t\t<p>Ich habe meine Highschool-Ausbildung an der Kocaeli K\u00f6rfez Science High School abgeschlossen und den ersten Platz an der Fakult\u00e4t f\u00fcr Zahnmedizin der Universit\u00e4t Istanbul gewonnen. 2010 war ich f\u00fcr 6 Monate Hospitant an der Universita degli Studi di Firenze in Florenz, Italien und habe dort meine Diplomarbeit abgeschlossen. Gleichzeitig absolvierte ich das Health Institutions Management der Anadolu University.<\/p><p>\u00a0<\/p><p>Nach Abschluss meiner Grundausbildung im Jahr 2011 wurde ich in das PhD-Programm der Abteilung f\u00fcr Parodontologie (Zahnfleischerkrankungen und Chirurgie) der Fakult\u00e4t f\u00fcr Zahnmedizin der Universit\u00e4t Istanbul aufgenommen.<\/p><p>\u00a0<\/p><p>Das Promotionsprogramm unter der Betreuung von Prof.Dr. Korkud Demirel habe ich 2016 mit meiner Arbeit zum Thema \u201eImmunhistochemische Untersuchung der Wirkungen der Zoledrons\u00e4ure-Applikation auf die Mundschleimhaut bei experimentell erzeugter parodontaler Zerst\u00f6rung\u201c abgeschlossen. Ich war in vielen verschiedenen Kliniken als Konsiliararzt t\u00e4tig und setze mein Berufsleben nun in unserer eigenen Klinik fort. Ich bin verheiratet und Mutter von 2 Kindern.<\/p>\t\t\t\t\t\t<\/div>\n\t\t\t\t<\/div>\n\t\t\t\t<div class=\"elementor-element elementor-element-18f38f1 ---hidden elementor-widget elementor-widget-bridge_button\" data-id=\"18f38f1\" data-element_type=\"widget\" data-widget_type=\"bridge_button.default\">\n\t\t\t\t<div class=\"elementor-widget-container\">\n\t\t\t<a  itemprop=\"url\" href=\"\" target=\"_self\"  class=\"qbutton  default\" style=\"\">read more<\/a>\t\t<\/div>\n\t\t\t\t<\/div>\n\t\t\t\t\t<\/div>\n\t\t<\/div>\n\t\t\t\t\t\t\t<\/div>\n\t\t<\/section>\n\t\t\t\t\t\t\t<\/div>\n\t\t","protected":false},"excerpt":{"rendered":"<p>Veeners &#038; implants Ich habe meine Highschool-Ausbildung an der Kocaeli K\u00f6rfez Science High School abgeschlossen und den ersten Platz an der Fakult\u00e4t f\u00fcr Zahnmedizin der Universit\u00e4t Istanbul gewonnen. 2010 war ich f\u00fcr 6 Monate Hospitant an der Universita degli Studi di Firenze in Florenz, Italien&#8230;<\/p>\n","protected":false},"author":1,"featured_media":0,"parent":0,"menu_order":0,"comment_status":"closed","ping_status":"closed","template":"","meta":{"footnotes":""},"class_list":["post-1355","page","type-page","status-publish","hentry"],"_links":{"self":[{"href":"https:\/\/www.ghiadent.com\/de\/wp-json\/wp\/v2\/pages\/1355","targetHints":{"allow":["GET"]}}],"collection":[{"href":"https:\/\/www.ghiadent.com\/de\/wp-json\/wp\/v2\/pages"}],"about":[{"href":"https:\/\/www.ghiadent.com\/de\/wp-json\/wp\/v2\/types\/page"}],"author":[{"embeddable":true,"href":"https:\/\/www.ghiadent.com\/de\/wp-json\/wp\/v2\/users\/1"}],"replies":[{"embeddable":true,"href":"https:\/\/www.ghiadent.com\/de\/wp-json\/wp\/v2\/comments?post=1355"}],"version-history":[{"count":4,"href":"https:\/\/www.ghiadent.com\/de\/wp-json\/wp\/v2\/pages\/1355\/revisions"}],"predecessor-version":[{"id":1365,"href":"https:\/\/www.ghiadent.com\/de\/wp-json\/wp\/v2\/pages\/1355\/revisions\/1365"}],"wp:attachment":[{"href":"https:\/\/www.ghiadent.com\/de\/wp-json\/wp\/v2\/media?parent=1355"}],"curies":[{"name":"wp","href":"https:\/\/api.w.org\/{rel}","templated":true}]}}