{"id":1350,"date":"2021-12-19T13:32:54","date_gmt":"2021-12-19T10:32:54","guid":{"rendered":"https:\/\/www.ghiadent.com\/dt-hasan-yilmaz\/"},"modified":"2023-02-28T20:07:13","modified_gmt":"2023-02-28T17:07:13","slug":"dt-hasan-yilmaz","status":"publish","type":"page","link":"https:\/\/www.ghiadent.com\/de\/dt-hasan-yilmaz\/","title":{"rendered":"Dt. Hasan YILMAZ"},"content":{"rendered":"\t\t<div data-elementor-type=\"wp-page\" data-elementor-id=\"1350\" class=\"elementor elementor-1350\">\n\t\t\t\t\t\t\t\t\t<section class=\"elementor-section elementor-top-section elementor-element elementor-element-b6641a9 elementor-section-full_width elementor-section-height-default elementor-section-height-default parallax_section_no qode_elementor_container_no\" data-id=\"b6641a9\" data-element_type=\"section\">\n\t\t\t\t\t\t<div class=\"elementor-container elementor-column-gap-default\">\n\t\t\t\t\t<div class=\"elementor-column elementor-col-50 elementor-top-column elementor-element elementor-element-bbe49c5\" data-id=\"bbe49c5\" data-element_type=\"column\">\n\t\t\t<div class=\"elementor-widget-wrap elementor-element-populated\">\n\t\t\t\t\t\t\t\t<div class=\"elementor-element elementor-element-eb7badc elementor-widget elementor-widget-image\" data-id=\"eb7badc\" data-element_type=\"widget\" data-widget_type=\"image.default\">\n\t\t\t\t<div class=\"elementor-widget-container\">\n\t\t\t<style>\/*! elementor - v3.11.2 - 22-02-2023 *\/\n.elementor-widget-image{text-align:center}.elementor-widget-image a{display:inline-block}.elementor-widget-image a img[src$=\".svg\"]{width:48px}.elementor-widget-image img{vertical-align:middle;display:inline-block}<\/style>\t\t\t\t\t\t\t\t\t\t\t\t<img loading=\"lazy\" decoding=\"async\" width=\"1333\" height=\"2000\" src=\"https:\/\/www.ghiadent.com\/wp-content\/uploads\/2021\/11\/DSC07379.jpg\" class=\"attachment-full size-full wp-image-509\" alt=\"\" srcset=\"https:\/\/www.ghiadent.com\/wp-content\/uploads\/2021\/11\/DSC07379.jpg 1333w, https:\/\/www.ghiadent.com\/wp-content\/uploads\/2021\/11\/DSC07379-200x300.jpg 200w, https:\/\/www.ghiadent.com\/wp-content\/uploads\/2021\/11\/DSC07379-682x1024.jpg 682w, https:\/\/www.ghiadent.com\/wp-content\/uploads\/2021\/11\/DSC07379-768x1152.jpg 768w, https:\/\/www.ghiadent.com\/wp-content\/uploads\/2021\/11\/DSC07379-1024x1536.jpg 1024w, https:\/\/www.ghiadent.com\/wp-content\/uploads\/2021\/11\/DSC07379-700x1050.jpg 700w\" sizes=\"auto, (max-width: 1333px) 100vw, 1333px\" \/>\t\t\t\t\t\t\t\t\t\t\t\t\t\t\t<\/div>\n\t\t\t\t<\/div>\n\t\t\t\t\t<\/div>\n\t\t<\/div>\n\t\t\t\t<div class=\"elementor-column elementor-col-50 elementor-top-column elementor-element elementor-element-df53f51\" data-id=\"df53f51\" data-element_type=\"column\" data-settings=\"{&quot;background_background&quot;:&quot;classic&quot;}\">\n\t\t\t<div class=\"elementor-widget-wrap elementor-element-populated\">\n\t\t\t\t\t\t\t\t<div class=\"elementor-element elementor-element-a6a0012 ---hidden elementor-widget elementor-widget-heading\" data-id=\"a6a0012\" data-element_type=\"widget\" data-widget_type=\"heading.default\">\n\t\t\t\t<div class=\"elementor-widget-container\">\n\t\t\t<style>\/*! elementor - v3.11.2 - 22-02-2023 *\/\n.elementor-heading-title{padding:0;margin:0;line-height:1}.elementor-widget-heading .elementor-heading-title[class*=elementor-size-]>a{color:inherit;font-size:inherit;line-height:inherit}.elementor-widget-heading .elementor-heading-title.elementor-size-small{font-size:15px}.elementor-widget-heading .elementor-heading-title.elementor-size-medium{font-size:19px}.elementor-widget-heading .elementor-heading-title.elementor-size-large{font-size:29px}.elementor-widget-heading .elementor-heading-title.elementor-size-xl{font-size:39px}.elementor-widget-heading .elementor-heading-title.elementor-size-xxl{font-size:59px}<\/style><h4 class=\"elementor-heading-title elementor-size-default\">Veeners & implants<\/h4>\t\t<\/div>\n\t\t\t\t<\/div>\n\t\t\t\t<div class=\"elementor-element elementor-element-d1109d5 elementor-widget elementor-widget-spacer\" data-id=\"d1109d5\" data-element_type=\"widget\" data-widget_type=\"spacer.default\">\n\t\t\t\t<div class=\"elementor-widget-container\">\n\t\t\t<style>\/*! elementor - v3.11.2 - 22-02-2023 *\/\n.elementor-column .elementor-spacer-inner{height:var(--spacer-size)}.e-con{--container-widget-width:100%}.e-con-inner>.elementor-widget-spacer,.e-con>.elementor-widget-spacer{width:var(--container-widget-width,var(--spacer-size));--align-self:var(--container-widget-align-self,initial);--flex-shrink:0}.e-con-inner>.elementor-widget-spacer>.elementor-widget-container,.e-con-inner>.elementor-widget-spacer>.elementor-widget-container>.elementor-spacer,.e-con>.elementor-widget-spacer>.elementor-widget-container,.e-con>.elementor-widget-spacer>.elementor-widget-container>.elementor-spacer{height:100%}.e-con-inner>.elementor-widget-spacer>.elementor-widget-container>.elementor-spacer>.elementor-spacer-inner,.e-con>.elementor-widget-spacer>.elementor-widget-container>.elementor-spacer>.elementor-spacer-inner{height:var(--container-widget-height,var(--spacer-size))}<\/style>\t\t<div class=\"elementor-spacer\">\n\t\t\t<div class=\"elementor-spacer-inner\"><\/div>\n\t\t<\/div>\n\t\t\t\t<\/div>\n\t\t\t\t<\/div>\n\t\t\t\t<div class=\"elementor-element elementor-element-4130446 elementor-widget elementor-widget-text-editor\" data-id=\"4130446\" data-element_type=\"widget\" data-widget_type=\"text-editor.default\">\n\t\t\t\t<div class=\"elementor-widget-container\">\n\t\t\t<style>\/*! elementor - v3.11.2 - 22-02-2023 *\/\n.elementor-widget-text-editor.elementor-drop-cap-view-stacked .elementor-drop-cap{background-color:#818a91;color:#fff}.elementor-widget-text-editor.elementor-drop-cap-view-framed .elementor-drop-cap{color:#818a91;border:3px solid;background-color:transparent}.elementor-widget-text-editor:not(.elementor-drop-cap-view-default) .elementor-drop-cap{margin-top:8px}.elementor-widget-text-editor:not(.elementor-drop-cap-view-default) .elementor-drop-cap-letter{width:1em;height:1em}.elementor-widget-text-editor .elementor-drop-cap{float:left;text-align:center;line-height:1;font-size:50px}.elementor-widget-text-editor .elementor-drop-cap-letter{display:inline-block}<\/style>\t\t\t\tNachdem ich meine Grund- und Sekundarschulbildung in Bursa abgeschlossen hatte, absolvierte ich 2011 die Fakult\u00e4t f\u00fcr Zahnmedizin der Universit\u00e4t Istanbul. Ich habe in meinem Berufsleben viele Kongresse, Symposien und Schulungen besucht, bin verheiratet und habe 2 Kinder. Jetzt akzeptiere ich meine Patienten in unserer eigenen Klinik.\t\t\t\t\t\t<\/div>\n\t\t\t\t<\/div>\n\t\t\t\t<div class=\"elementor-element elementor-element-f78ce0c ---hidden elementor-widget elementor-widget-bridge_button\" data-id=\"f78ce0c\" data-element_type=\"widget\" data-widget_type=\"bridge_button.default\">\n\t\t\t\t<div class=\"elementor-widget-container\">\n\t\t\t<a  itemprop=\"url\" href=\"\" target=\"_self\"  class=\"qbutton  default\" style=\"\">read more<\/a>\t\t<\/div>\n\t\t\t\t<\/div>\n\t\t\t\t\t<\/div>\n\t\t<\/div>\n\t\t\t\t\t\t\t<\/div>\n\t\t<\/section>\n\t\t\t\t\t\t\t<\/div>\n\t\t","protected":false},"excerpt":{"rendered":"<p>Veeners &#038; implants Nachdem ich meine Grund- und Sekundarschulbildung in Bursa abgeschlossen hatte, absolvierte ich 2011 die Fakult\u00e4t f\u00fcr Zahnmedizin der Universit\u00e4t Istanbul. Ich habe in meinem Berufsleben viele Kongresse, Symposien und Schulungen besucht, bin verheiratet und habe 2 Kinder. Jetzt akzeptiere ich meine Patienten&#8230;<\/p>\n","protected":false},"author":1,"featured_media":0,"parent":0,"menu_order":0,"comment_status":"closed","ping_status":"closed","template":"","meta":{"footnotes":""},"class_list":["post-1350","page","type-page","status-publish","hentry"],"_links":{"self":[{"href":"https:\/\/www.ghiadent.com\/de\/wp-json\/wp\/v2\/pages\/1350","targetHints":{"allow":["GET"]}}],"collection":[{"href":"https:\/\/www.ghiadent.com\/de\/wp-json\/wp\/v2\/pages"}],"about":[{"href":"https:\/\/www.ghiadent.com\/de\/wp-json\/wp\/v2\/types\/page"}],"author":[{"embeddable":true,"href":"https:\/\/www.ghiadent.com\/de\/wp-json\/wp\/v2\/users\/1"}],"replies":[{"embeddable":true,"href":"https:\/\/www.ghiadent.com\/de\/wp-json\/wp\/v2\/comments?post=1350"}],"version-history":[{"count":4,"href":"https:\/\/www.ghiadent.com\/de\/wp-json\/wp\/v2\/pages\/1350\/revisions"}],"predecessor-version":[{"id":1354,"href":"https:\/\/www.ghiadent.com\/de\/wp-json\/wp\/v2\/pages\/1350\/revisions\/1354"}],"wp:attachment":[{"href":"https:\/\/www.ghiadent.com\/de\/wp-json\/wp\/v2\/media?parent=1350"}],"curies":[{"name":"wp","href":"https:\/\/api.w.org\/{rel}","templated":true}]}}